{"id":263,"date":"2013-11-06T06:08:53","date_gmt":"2013-11-06T05:08:53","guid":{"rendered":"http:\/\/www.wp1178256.server-he.de\/wordpress\/wordpress\/?page_id=263"},"modified":"2026-04-17T07:43:56","modified_gmt":"2026-04-17T05:43:56","slug":"mitgliederbeitraege","status":"publish","type":"page","link":"https:\/\/fc-oberhinkofen.de\/mitgliederbeitraege\/","title":{"rendered":"Mitgliederbeitr\u00e4ge"},"content":{"rendered":"<table border=\"0\" align=\"center\">\n<tbody>\n<tr bgcolor=\"#ffcc99\">\n<td><strong>Mitgliedsbeitr\u00e4ge ab 2020<\/strong><\/td>\n<td style=\"text-align: right;\" align=\"right\"><strong>\u20ac\/Jahr<\/strong><\/td>\n<\/tr>\n<tr>\n<td>Kinder und Jugendliche bis 18 Jahren<\/td>\n<td style=\"text-align: right;\" align=\"right\">36,00<\/td>\n<\/tr>\n<tr>\n<td>Erwachsene<\/td>\n<td style=\"text-align: right;\" align=\"right\">72,00<\/td>\n<\/tr>\n<tr>\n<td>Familienbeitrag<\/td>\n<td style=\"text-align: right;\" align=\"right\">108,00<\/td>\n<\/tr>\n<\/tbody>\n<\/table>\n<p>Die angegebenen Beitr\u00e4ge des FC Oberhinkofen e.V. entsprechen den Mindestanforderungen des Bayerischen Landessportverbandes (BLSV).<\/p>\n<p><strong>Weitere Beitr\u00e4ge f\u00fcr Abteilungen oder Sparten sind ggf. zu entrichten.<\/strong><\/p>\n<p>Die Beitr\u00e4ge werden zu Jahresanfang (01. Februar bzw. darauffolgender Bankarbeitstag) und im 4. Quartal f\u00fcr Neumitglieder des laufenden Jahres durch die Vereins-EDV automatisch eingezogen.<br \/>\nWir bitten sie daher die Einzugserm\u00e4chtigungen vollst\u00e4ndig auszuf\u00fcllen.<\/p>\n<p>Unsere beiden Schatzmeister geben Ihnen gerne weitere Ausk\u00fcnfte.<\/p>\n<p>1. Schatzmeister:<br \/>\nMarcus Munser<br \/>\nTel.: \u00a0\u00a0 \u00a0\u00a0<a href=\"tel:0940151414\">09401 51414<\/a><br \/>\nE-Mail: <a href=\"mailto:kassier@fc-oberhinkofen.de\">kassier@fc-oberhinkofen.de<\/a><\/p>\n<p>2. Schatzmeisterin:<br \/>\nEva Pichlmeier<br \/>\nTel.: \u00a0\u00a0 \u00a0\u00a0<a href=\"tel:01791448435\">0179 1448435<\/a><br \/>\nE-Mail: <a href=\"mailto:2.kassier@fc-oberhinkofen.de\">2.kassier@fc-oberhinkofen.de<\/a><\/p>\n","protected":false},"excerpt":{"rendered":"<p>Mitgliedsbeitr\u00e4ge ab 2020 \u20ac\/Jahr Kinder und Jugendliche bis 18 Jahren 36,00 Erwachsene 72,00 Familienbeitrag 108,00 Die angegebenen Beitr\u00e4ge des FC Oberhinkofen e.V. entsprechen den Mindestanforderungen des Bayerischen Landessportverbandes (BLSV). Weitere [&hellip;]<\/p>\n","protected":false},"author":2,"featured_media":0,"parent":0,"menu_order":0,"comment_status":"closed","ping_status":"open","template":"","meta":{"_lmt_disableupdate":"","_lmt_disable":"","_EventAllDay":false,"_EventTimezone":"","_EventStartDate":"","_EventEndDate":"","_EventStartDateUTC":"","_EventEndDateUTC":"","_EventShowMap":false,"_EventShowMapLink":false,"_EventURL":"","_EventCost":"","_EventCostDescription":"","_EventCurrencySymbol":"","_EventCurrencyCode":"","_EventCurrencyPosition":"","_EventDateTimeSeparator":"","_EventTimeRangeSeparator":"","_EventOrganizerID":[],"_EventVenueID":[],"_OrganizerEmail":"","_OrganizerPhone":"","_OrganizerWebsite":"","_VenueAddress":"","_VenueCity":"","_VenueCountry":"","_VenueProvince":"","_VenueState":"","_VenueZip":"","_VenuePhone":"","_VenueURL":"","_VenueStateProvince":"","_VenueLat":"","_VenueLng":"","_VenueShowMap":false,"_VenueShowMapLink":false,"footnotes":""},"class_list":["post-263","page","type-page","status-publish","hentry"],"_links":{"self":[{"href":"https:\/\/fc-oberhinkofen.de\/wp-json\/wp\/v2\/pages\/263","targetHints":{"allow":["GET"]}}],"collection":[{"href":"https:\/\/fc-oberhinkofen.de\/wp-json\/wp\/v2\/pages"}],"about":[{"href":"https:\/\/fc-oberhinkofen.de\/wp-json\/wp\/v2\/types\/page"}],"author":[{"embeddable":true,"href":"https:\/\/fc-oberhinkofen.de\/wp-json\/wp\/v2\/users\/2"}],"replies":[{"embeddable":true,"href":"https:\/\/fc-oberhinkofen.de\/wp-json\/wp\/v2\/comments?post=263"}],"version-history":[{"count":2,"href":"https:\/\/fc-oberhinkofen.de\/wp-json\/wp\/v2\/pages\/263\/revisions"}],"predecessor-version":[{"id":7159,"href":"https:\/\/fc-oberhinkofen.de\/wp-json\/wp\/v2\/pages\/263\/revisions\/7159"}],"wp:attachment":[{"href":"https:\/\/fc-oberhinkofen.de\/wp-json\/wp\/v2\/media?parent=263"}],"curies":[{"name":"wp","href":"https:\/\/api.w.org\/{rel}","templated":true}]}}