{"id":221,"date":"2013-11-03T13:36:48","date_gmt":"2013-11-03T12:36:48","guid":{"rendered":"http:\/\/www.wp1178256.server-he.de\/wordpress\/wordpress\/?page_id=221"},"modified":"2026-03-09T19:12:26","modified_gmt":"2026-03-09T18:12:26","slug":"impressum","status":"publish","type":"page","link":"https:\/\/fc-oberhinkofen.de\/impressum\/","title":{"rendered":"Impressum"},"content":{"rendered":"<p><strong>Anbieter:<\/strong><\/p>\n<p><strong>FC Oberhinkofen e.V. (FCO)<\/strong><\/p>\n<p>Hauptstr. 13, 93083 Oberhinkofen<br \/>\n09453\/9770<br \/>\nfc-oberhinkofen(at)gmx.de<\/p>\n<p><strong>Sitz:<\/strong><\/p>\n<p>Amtsgericht Regensburg, Vereinsregisternummer VR325<\/p>\n<p><strong>Umsatzsteueridentifikationsnummer:<\/strong><\/p>\n<p>244\/108\/50504<\/p>\n<p><strong>Vorstand:<\/strong><\/p>\n<p>Kyros Farahmand<\/p>\n<p>Vertretungsberechtigter Vorstand ( \u00a7 26 BGB):<\/p>\n<p>Josef Hiltl, 2. Vorsitzender<\/p>\n<p>Josef Weitzer, 3. Vorsitzender<\/p>\n<p>Marcus Munser, 1. Schatzmeister<\/p>\n<p>Bernhard Huber, 1. Schriftf\u00fchrer<\/p>\n<p><strong>Verantwortlich im Vorstand:<\/strong><\/p>\n<p>Kyros Farahmand, 1. Vorsitzender<\/p>\n<p><u>\u00a0<\/u><\/p>\n<p>Die offizielle Homepage des FC Oberhinkofen wird technisch gestaltet von der Redaktion der Vereinszeitung Sport-Echo-Aktuell.<\/p>\n<p>Inhalte\/Beitr\u00e4ge und Termine werden von autorisierten Vereinsmitgliedern\/Funktion\u00e4ren implementiert.<\/p>\n<p>Der Verein distanziert sich von allen inoffiziellen Meldungen und Nachrichten auf anderen WEB-Sites.<\/p>\n<h4>Kontakt:<\/h4>\n<p><a href=\"mailto:webmaster(at)fc-oberhinkofen.de\">Webmaster<\/a><\/p>\n<h4>Anschrift:<\/h4>\n<p>FC Oberhinkofen e.V.<\/p>\n<p>Hauptstr. 13<br \/>\n93083 Oberhinkofen<\/p>\n<h4><strong>Hinweis:<\/strong><\/h4>\n<p>Das Landgericht Hamburg hat mit einem Urteil vom 12. Mai 1998 entschieden, dass durch das Einbinden eines Links die Inhalte der gelinkten Seite ggf. mit zu verantworten sind. Dies kann, so das Landgericht, nur dadurch verhindert werden, indem man sich ausdr\u00fccklich von diesen Inhalten distanziert.<br \/>\nDa auf dieser Homepage Links zu anderen Internet-Seiten gelegt sind, wird folgendes Statement abgeben:<br \/>\nF\u00fcr alle Links gilt: Der Webmaster von dieser Page erkl\u00e4rt ausdr\u00fccklich, dass er keinerlei Einfluss auf die Gestaltung und die Inhalte der gelinkten Seiten hat. Deshalb distanziert er sich hiermit ausdr\u00fccklich von allen Inhalten aller gelinkten Seiten auf dieser Homepage und macht sich diese Inhalte nicht zu Eigen. Diese Erkl\u00e4rung gilt f\u00fcr alle auf dieser Homepage angezeigten Links und f\u00fcr alle Inhalte der Seiten, zu denen die hier eingef\u00fcgten Banner und Links f\u00fchren.<\/p>\n","protected":false},"excerpt":{"rendered":"<p>Anbieter: FC Oberhinkofen e.V. (FCO) Hauptstr. 13, 93083 Oberhinkofen 09453\/9770 fc-oberhinkofen(at)gmx.de Sitz: Amtsgericht Regensburg, Vereinsregisternummer VR325 Umsatzsteueridentifikationsnummer: 244\/108\/50504 Vorstand: Kyros Farahmand Vertretungsberechtigter Vorstand ( \u00a7 26 BGB): Josef Hiltl, 2. [&hellip;]<\/p>\n","protected":false},"author":2,"featured_media":0,"parent":0,"menu_order":0,"comment_status":"closed","ping_status":"open","template":"","meta":{"_lmt_disableupdate":"","_lmt_disable":"","_EventAllDay":false,"_EventTimezone":"","_EventStartDate":"","_EventEndDate":"","_EventStartDateUTC":"","_EventEndDateUTC":"","_EventShowMap":false,"_EventShowMapLink":false,"_EventURL":"","_EventCost":"","_EventCostDescription":"","_EventCurrencySymbol":"","_EventCurrencyCode":"","_EventCurrencyPosition":"","_EventDateTimeSeparator":"","_EventTimeRangeSeparator":"","_EventOrganizerID":[],"_EventVenueID":[],"_OrganizerEmail":"","_OrganizerPhone":"","_OrganizerWebsite":"","_VenueAddress":"","_VenueCity":"","_VenueCountry":"","_VenueProvince":"","_VenueState":"","_VenueZip":"","_VenuePhone":"","_VenueURL":"","_VenueStateProvince":"","_VenueLat":"","_VenueLng":"","_VenueShowMap":false,"_VenueShowMapLink":false,"footnotes":""},"class_list":["post-221","page","type-page","status-publish","hentry"],"_links":{"self":[{"href":"https:\/\/fc-oberhinkofen.de\/wp-json\/wp\/v2\/pages\/221","targetHints":{"allow":["GET"]}}],"collection":[{"href":"https:\/\/fc-oberhinkofen.de\/wp-json\/wp\/v2\/pages"}],"about":[{"href":"https:\/\/fc-oberhinkofen.de\/wp-json\/wp\/v2\/types\/page"}],"author":[{"embeddable":true,"href":"https:\/\/fc-oberhinkofen.de\/wp-json\/wp\/v2\/users\/2"}],"replies":[{"embeddable":true,"href":"https:\/\/fc-oberhinkofen.de\/wp-json\/wp\/v2\/comments?post=221"}],"version-history":[{"count":1,"href":"https:\/\/fc-oberhinkofen.de\/wp-json\/wp\/v2\/pages\/221\/revisions"}],"predecessor-version":[{"id":6281,"href":"https:\/\/fc-oberhinkofen.de\/wp-json\/wp\/v2\/pages\/221\/revisions\/6281"}],"wp:attachment":[{"href":"https:\/\/fc-oberhinkofen.de\/wp-json\/wp\/v2\/media?parent=221"}],"curies":[{"name":"wp","href":"https:\/\/api.w.org\/{rel}","templated":true}]}}